{"id":22,"date":"2024-03-14T20:22:35","date_gmt":"2024-03-14T19:22:35","guid":{"rendered":"http:\/\/mengaud.com\/fr\/?page_id=22"},"modified":"2024-06-08T20:14:23","modified_gmt":"2024-06-08T19:14:23","slug":"alentours","status":"publish","type":"page","link":"https:\/\/mengaud.com\/fr\/alentours\/","title":{"rendered":"Alentours et activit\u00e9s"},"content":{"rendered":"<p><div id='sub_menu1'  class='av-submenu-container av-57keq-4f2e199f5b78173057575dd0b6d70514 header_color av-switch-768  avia-builder-el-0  el_before_av_section  avia-builder-el-first  container_wrap fullsize' style='z-index:301' ><div class='container av-menu-mobile-active av-submenu-pos-center'><a href=\"#\" class=\"mobile_menu_toggle\"><span class='avia-svg-icon avia-font-svg_entypo-fontello' data-av_svg_icon='list' data-av_iconset='svg_entypo-fontello'><svg version=\"1.1\" xmlns=\"http:\/\/www.w3.org\/2000\/svg\" width=\"22\" height=\"32\" viewBox=\"0 0 22 32\" preserveAspectRatio=\"xMidYMid meet\" aria-labelledby='av-svg-title-1' aria-describedby='av-svg-desc-1' role=\"graphics-symbol\" aria-hidden=\"true\">\n<title id='av-svg-title-1'>List<\/title>\n<desc id='av-svg-desc-1'>List<\/desc>\n<path d=\"M3.2 20.8q0.64 0 1.12 0.48t0.48 1.12-0.48 1.12-1.12 0.48h-1.6q-0.64 0-1.12-0.48t-0.48-1.12 0.448-1.12 1.152-0.48h1.6zM3.2 14.4q0.64 0 1.12 0.48t0.48 1.12-0.48 1.12-1.12 0.48h-1.6q-0.64 0-1.12-0.48t-0.48-1.12 0.448-1.12 1.152-0.48h1.6zM3.2 8q0.64 0 1.12 0.48t0.48 1.12-0.48 1.12-1.12 0.48h-1.6q-0.64 0-1.12-0.48t-0.48-1.12 0.448-1.12 1.152-0.48h1.6zM9.6 11.2q-0.64 0-1.12-0.48t-0.48-1.12 0.48-1.12 1.12-0.48h11.2q0.704 0 1.152 0.48t0.448 1.12-0.48 1.12-1.12 0.48h-11.2zM20.8 14.4q0.704 0 1.152 0.48t0.448 1.12-0.48 1.12-1.12 0.48h-11.2q-0.64 0-1.12-0.48t-0.48-1.12 0.48-1.12 1.12-0.48h11.2zM20.8 20.8q0.704 0 1.152 0.48t0.448 1.12-0.48 1.12-1.12 0.48h-11.2q-0.64 0-1.12-0.48t-0.48-1.12 0.48-1.12 1.12-0.48h11.2z\"><\/path>\n<\/svg><\/span><span class=\"av-current-placeholder\">Menu<\/span><\/a><ul id=\"menu-hoofdmenu\" class=\"av-subnav-menu\" role=\"menu\"><li role=\"menuitem\" id=\"menu-item-318\" class=\"menu-item menu-item-type-custom menu-item-object-custom menu-item-has-children menu-item-top-level menu-item-top-level-1\"><a href=\"#\" itemprop=\"url\" tabindex=\"0\"><span class=\"avia-bullet\"><\/span><span class=\"avia-menu-text\">A propos<\/span><span class=\"avia-menu-fx\"><span class=\"avia-arrow-wrap\"><span class=\"avia-arrow\"><\/span><\/span><\/span><\/a>\n\n\n<ul class=\"sub-menu\">\n\t<li role=\"menuitem\" id=\"menu-item-38\" class=\"menu-item menu-item-type-post_type menu-item-object-page\"><a href=\"https:\/\/mengaud.com\/fr\/le-domaine\/\" itemprop=\"url\" tabindex=\"0\"><span class=\"avia-bullet\"><\/span><span class=\"avia-menu-text\">Le domaine<\/span><\/a><\/li>\n\t<li role=\"menuitem\" id=\"menu-item-39\" class=\"menu-item menu-item-type-post_type menu-item-object-page\"><a href=\"https:\/\/mengaud.com\/fr\/realisation\/\" itemprop=\"url\" tabindex=\"0\"><span class=\"avia-bullet\"><\/span><span class=\"avia-menu-text\">La r\u00e9alisation<\/span><\/a><\/li>\n\t<li role=\"menuitem\" id=\"menu-item-44\" class=\"menu-item menu-item-type-post_type menu-item-object-page\"><a href=\"https:\/\/mengaud.com\/fr\/alentours\/\" itemprop=\"url\" tabindex=\"0\"><span class=\"avia-bullet\"><\/span><span class=\"avia-menu-text\">Alentours et activit\u00e9s<\/span><\/a><\/li>\n<\/ul>\n<\/li>\n<li role=\"menuitem\" id=\"menu-item-40\" class=\"menu-item menu-item-type-custom menu-item-object-custom menu-item-has-children menu-item-top-level menu-item-top-level-2\"><a href=\"#\" itemprop=\"url\" tabindex=\"0\"><span class=\"avia-bullet\"><\/span><span class=\"avia-menu-text\">G\u00eetes<\/span><span class=\"avia-menu-fx\"><span class=\"avia-arrow-wrap\"><span class=\"avia-arrow\"><\/span><\/span><\/span><\/a>\n\n\n<ul class=\"sub-menu\">\n\t<li role=\"menuitem\" id=\"menu-item-41\" class=\"menu-item menu-item-type-post_type menu-item-object-page\"><a href=\"https:\/\/mengaud.com\/fr\/gite-muscat\/\" itemprop=\"url\" tabindex=\"0\"><span class=\"avia-bullet\"><\/span><span class=\"avia-menu-text\">Le g\u00eete Muscat<\/span><\/a><\/li>\n\t<li role=\"menuitem\" id=\"menu-item-42\" class=\"menu-item menu-item-type-post_type menu-item-object-page\"><a href=\"https:\/\/mengaud.com\/fr\/gite-grenache\/\" itemprop=\"url\" tabindex=\"0\"><span class=\"avia-bullet\"><\/span><span class=\"avia-menu-text\">Le g\u00eete Grenache<\/span><\/a><\/li>\n<\/ul>\n<\/li>\n<li role=\"menuitem\" id=\"menu-item-46\" class=\"menu-item menu-item-type-post_type menu-item-object-page menu-item-top-level menu-item-top-level-3\"><a href=\"https:\/\/mengaud.com\/fr\/tarifs\/\" itemprop=\"url\" tabindex=\"0\"><span class=\"avia-bullet\"><\/span><span class=\"avia-menu-text\">Tarifs<\/span><span class=\"avia-menu-fx\"><span class=\"avia-arrow-wrap\"><span class=\"avia-arrow\"><\/span><\/span><\/span><\/a><\/li>\n<li role=\"menuitem\" id=\"menu-item-292\" class=\"menu-item menu-item-type-post_type menu-item-object-page menu-item-top-level menu-item-top-level-4\"><a href=\"https:\/\/mengaud.com\/fr\/comment-acceder\/\" itemprop=\"url\" tabindex=\"0\"><span class=\"avia-bullet\"><\/span><span class=\"avia-menu-text\">Comment acc\u00e9der<\/span><span class=\"avia-menu-fx\"><span class=\"avia-arrow-wrap\"><span class=\"avia-arrow\"><\/span><\/span><\/span><\/a><\/li>\n<li role=\"menuitem\" id=\"menu-item-638\" class=\"menu-item menu-item-type-post_type menu-item-object-page menu-item-top-level menu-item-top-level-5\"><a href=\"https:\/\/mengaud.com\/fr\/avis\/\" itemprop=\"url\" tabindex=\"0\"><span class=\"avia-bullet\"><\/span><span class=\"avia-menu-text\">Livre d\u2019or<\/span><span class=\"avia-menu-fx\"><span class=\"avia-arrow-wrap\"><span class=\"avia-arrow\"><\/span><\/span><\/span><\/a><\/li>\n<li role=\"menuitem\" id=\"menu-item-48\" class=\"menu-item menu-item-type-post_type menu-item-object-page menu-item-top-level menu-item-top-level-6\"><a href=\"https:\/\/mengaud.com\/fr\/reserver\/\" itemprop=\"url\" tabindex=\"0\"><span class=\"avia-bullet\"><\/span><span class=\"avia-menu-text\"><b>R\u00e9server votre s\u00e9jour<\/b><\/span><span class=\"avia-menu-fx\"><span class=\"avia-arrow-wrap\"><span class=\"avia-arrow\"><\/span><\/span><\/span><\/a><\/li>\n<li role=\"menuitem\" id=\"menu-item-49\" class=\"menu-item menu-item-type-post_type menu-item-object-page menu-item-top-level menu-item-top-level-7\"><a href=\"https:\/\/mengaud.com\/fr\/contact\/\" itemprop=\"url\" tabindex=\"0\"><span class=\"avia-bullet\"><\/span><span class=\"avia-menu-text\">Contact<\/span><span class=\"avia-menu-fx\"><span class=\"avia-arrow-wrap\"><span class=\"avia-arrow\"><\/span><\/span><\/span><\/a><\/li>\n<li role=\"menuitem\" id=\"menu-item-220\" class=\"menu-item menu-item-type-custom menu-item-object-custom menu-item-top-level menu-item-top-level-8\"><a href=\"http:\/\/www.mengaud.com\" itemprop=\"url\" tabindex=\"0\"><span class=\"avia-bullet\"><\/span><span class=\"avia-menu-text\">NL<\/span><span class=\"avia-menu-fx\"><span class=\"avia-arrow-wrap\"><span class=\"avia-arrow\"><\/span><\/span><\/span><\/a><\/li>\n<li role=\"menuitem\" id=\"menu-item-221\" class=\"menu-item menu-item-type-custom menu-item-object-custom menu-item-top-level menu-item-top-level-9\"><a href=\"http:\/\/www.mengaud.com\/en\" itemprop=\"url\" tabindex=\"0\"><span class=\"avia-bullet\"><\/span><span class=\"avia-menu-text\">EN<\/span><span class=\"avia-menu-fx\"><span class=\"avia-arrow-wrap\"><span class=\"avia-arrow\"><\/span><\/span><\/span><\/a><\/li>\n<li role=\"menuitem\" id=\"menu-item-222\" class=\"menu-item menu-item-type-custom menu-item-object-custom menu-item-home av-menu-button av-menu-button-bordered menu-item-top-level menu-item-top-level-10\"><a href=\"http:\/\/mengaud.com\/fr\" itemprop=\"url\" tabindex=\"0\"><span class=\"avia-bullet\"><\/span><span class=\"avia-menu-text\">FR<\/span><span class=\"avia-menu-fx\"><span class=\"avia-arrow-wrap\"><span class=\"avia-arrow\"><\/span><\/span><\/span><\/a><\/li>\n<\/ul><\/div><\/div><br \/>\n<div id='mijnsectie'  class='avia-section av-391oa-d4475b90cffe6ba462f88b5b9021fb5c main_color avia-section-small avia-no-border-styling  avia-builder-el-1  el_after_av_submenu  el_before_av_textblock  avia-bg-style-scroll container_wrap fullsize'  ><div class='container av-section-cont-open' ><div class='template-page content  av-content-full alpha units'><div class='post-entry post-entry-type-page post-entry-22'><div class='entry-content-wrapper clearfix'>\n\n<style type=\"text\/css\" data-created_by=\"avia_inline_auto\" id=\"style-css-av-2hm92-a7e8b9439d2e90e65ee719a5e2f35c56\">\n.avia-image-container.av-2hm92-a7e8b9439d2e90e65ee719a5e2f35c56 img.avia_image{\nbox-shadow:none;\n}\n.avia-image-container.av-2hm92-a7e8b9439d2e90e65ee719a5e2f35c56 .av-image-caption-overlay-center{\ncolor:#ffffff;\n}\n<\/style>\n<div  class='avia-image-container av-2hm92-a7e8b9439d2e90e65ee719a5e2f35c56 av-styling-no-styling av-img-linked avia-align-center  avia-builder-el-2  avia-builder-el-no-sibling '   itemprop=\"image\" itemscope=\"itemscope\" itemtype=\"https:\/\/schema.org\/ImageObject\" ><div class=\"avia-image-container-inner\"><div class=\"avia-image-overlay-wrap\"><a href=\"https:\/\/mengaud.com\/fr\/\" class='avia_image '  aria-label='logo'><img decoding=\"async\" fetchpriority=\"high\" class='wp-image-206 avia-img-lazy-loading-not-206 avia_image ' src=\"https:\/\/mengaud.com\/fr\/wp-content\/uploads\/2015\/10\/logo.png\" alt='' title='logo'  height=\"233\" width=\"994\"  itemprop=\"thumbnailUrl\" srcset=\"https:\/\/mengaud.com\/fr\/wp-content\/uploads\/2015\/10\/logo.png 994w, https:\/\/mengaud.com\/fr\/wp-content\/uploads\/2015\/10\/logo-300x70.png 300w, https:\/\/mengaud.com\/fr\/wp-content\/uploads\/2015\/10\/logo-705x165.png 705w, https:\/\/mengaud.com\/fr\/wp-content\/uploads\/2015\/10\/logo-450x105.png 450w\" sizes=\"(max-width: 994px) 100vw, 994px\" \/><\/a><\/div><\/div><\/div>\n<\/div><\/div><\/div><!-- close content main div --><\/div><\/div><div id='after_section_1'  class='main_color av_default_container_wrap container_wrap fullsize'  ><div class='container av-section-cont-open' ><div class='template-page content  av-content-full alpha units'><div class='post-entry post-entry-type-page post-entry-22'><div class='entry-content-wrapper clearfix'><br \/>\n<section  class='av_textblock_section av-2b6b2-633d5b1bbfd0fd7cc3a69d99adfa1039 '   itemscope=\"itemscope\" itemtype=\"https:\/\/schema.org\/CreativeWork\" ><div class='avia_textblock'  itemprop=\"text\" ><h1>Alentours et activit\u00e9s<\/h1>\n<\/div><\/section><br \/>\n<section  class='av_textblock_section av-10z1a-316838fe1cd61553df099021fc56df07 '   itemscope=\"itemscope\" itemtype=\"https:\/\/schema.org\/CreativeWork\" ><div class='avia_textblock'  itemprop=\"text\" ><p>Page en cours de maintenance<\/p>\n<\/div><\/section><br \/>\n<div  class='avia-button-wrap av-lx6huxs2-8140e9f27d079e017013282640bbcae5-wrap avia-button-center  avia-builder-el-5  el_after_av_textblock  avia-builder-el-last '><a href='https:\/\/mengaud.com\/fr\/reserver\/'  class='avia-button av-lx6huxs2-8140e9f27d079e017013282640bbcae5 av-link-btn avia-icon_select-no avia-size-x-large avia-position-center avia-color-theme-color'   aria-label=\"R\u00e9servez votre s\u00e9jour\"><span class='avia_iconbox_title' >R\u00e9servez votre s\u00e9jour<\/span><\/a><\/div><\/p>\n","protected":false},"excerpt":{"rendered":"","protected":false},"author":1,"featured_media":0,"parent":0,"menu_order":0,"comment_status":"closed","ping_status":"closed","template":"","meta":{"footnotes":""},"class_list":["post-22","page","type-page","status-publish","hentry"],"yoast_head":"<!-- This site is optimized with the Yoast SEO plugin v27.4 - https:\/\/yoast.com\/product\/yoast-seo-wordpress\/ -->\n<title>Alentours et activit\u00e9s | G\u00eetes Languedoc-Roussillon | Domaine de Mengaud<\/title>\n<meta name=\"description\" content=\"Une balade nature, une d\u00e9gustation de vin, aquatiques, shopping... Inspirez-vous des alentours et activit\u00e9s pour votre s\u00e9jour au Languedoc.\" \/>\n<meta name=\"robots\" content=\"index, follow, max-snippet:-1, max-image-preview:large, max-video-preview:-1\" \/>\n<link rel=\"canonical\" href=\"https:\/\/mengaud.com\/fr\/alentours\/\" \/>\n<meta property=\"og:locale\" content=\"fr_FR\" \/>\n<meta property=\"og:type\" content=\"article\" \/>\n<meta property=\"og:title\" content=\"Alentours et activit\u00e9s | G\u00eetes Languedoc-Roussillon | Domaine de Mengaud\" \/>\n<meta property=\"og:description\" content=\"Une balade nature, une d\u00e9gustation de vin, aquatiques, shopping... Inspirez-vous des alentours et activit\u00e9s pour votre s\u00e9jour au Languedoc.\" \/>\n<meta property=\"og:url\" content=\"https:\/\/mengaud.com\/fr\/alentours\/\" \/>\n<meta property=\"og:site_name\" content=\"Domaine de Mengaud\" \/>\n<meta property=\"article:modified_time\" content=\"2024-06-08T19:14:23+00:00\" \/>\n<meta name=\"twitter:card\" content=\"summary_large_image\" \/>\n<meta name=\"twitter:label1\" content=\"Dur\u00e9e de lecture estim\u00e9e\" \/>\n\t<meta name=\"twitter:data1\" content=\"1 minute\" \/>\n<script type=\"application\/ld+json\" class=\"yoast-schema-graph\">{\"@context\":\"https:\\\/\\\/schema.org\",\"@graph\":[{\"@type\":\"WebPage\",\"@id\":\"https:\\\/\\\/mengaud.com\\\/fr\\\/alentours\\\/\",\"url\":\"https:\\\/\\\/mengaud.com\\\/fr\\\/alentours\\\/\",\"name\":\"Alentours et activit\u00e9s | G\u00eetes Languedoc-Roussillon | Domaine de Mengaud\",\"isPartOf\":{\"@id\":\"https:\\\/\\\/mengaud.com\\\/fr\\\/#website\"},\"datePublished\":\"2024-03-14T19:22:35+00:00\",\"dateModified\":\"2024-06-08T19:14:23+00:00\",\"description\":\"Une balade nature, une d\u00e9gustation de vin, aquatiques, shopping... Inspirez-vous des alentours et activit\u00e9s pour votre s\u00e9jour au Languedoc.\",\"breadcrumb\":{\"@id\":\"https:\\\/\\\/mengaud.com\\\/fr\\\/alentours\\\/#breadcrumb\"},\"inLanguage\":\"fr-FR\",\"potentialAction\":[{\"@type\":\"ReadAction\",\"target\":[\"https:\\\/\\\/mengaud.com\\\/fr\\\/alentours\\\/\"]}]},{\"@type\":\"BreadcrumbList\",\"@id\":\"https:\\\/\\\/mengaud.com\\\/fr\\\/alentours\\\/#breadcrumb\",\"itemListElement\":[{\"@type\":\"ListItem\",\"position\":1,\"name\":\"Home\",\"item\":\"https:\\\/\\\/mengaud.com\\\/fr\\\/\"},{\"@type\":\"ListItem\",\"position\":2,\"name\":\"Alentours et activit\u00e9s\"}]},{\"@type\":\"WebSite\",\"@id\":\"https:\\\/\\\/mengaud.com\\\/fr\\\/#website\",\"url\":\"https:\\\/\\\/mengaud.com\\\/fr\\\/\",\"name\":\"Domaine de Mengaud\",\"description\":\"Un s\u00e9jour inoubliable en Languedoc\",\"potentialAction\":[{\"@type\":\"SearchAction\",\"target\":{\"@type\":\"EntryPoint\",\"urlTemplate\":\"https:\\\/\\\/mengaud.com\\\/fr\\\/?s={search_term_string}\"},\"query-input\":{\"@type\":\"PropertyValueSpecification\",\"valueRequired\":true,\"valueName\":\"search_term_string\"}}],\"inLanguage\":\"fr-FR\"}]}<\/script>\n<!-- \/ Yoast SEO plugin. -->","yoast_head_json":{"title":"Alentours et activit\u00e9s | G\u00eetes Languedoc-Roussillon | Domaine de Mengaud","description":"Une balade nature, une d\u00e9gustation de vin, aquatiques, shopping... Inspirez-vous des alentours et activit\u00e9s pour votre s\u00e9jour au Languedoc.","robots":{"index":"index","follow":"follow","max-snippet":"max-snippet:-1","max-image-preview":"max-image-preview:large","max-video-preview":"max-video-preview:-1"},"canonical":"https:\/\/mengaud.com\/fr\/alentours\/","og_locale":"fr_FR","og_type":"article","og_title":"Alentours et activit\u00e9s | G\u00eetes Languedoc-Roussillon | Domaine de Mengaud","og_description":"Une balade nature, une d\u00e9gustation de vin, aquatiques, shopping... Inspirez-vous des alentours et activit\u00e9s pour votre s\u00e9jour au Languedoc.","og_url":"https:\/\/mengaud.com\/fr\/alentours\/","og_site_name":"Domaine de Mengaud","article_modified_time":"2024-06-08T19:14:23+00:00","twitter_card":"summary_large_image","twitter_misc":{"Dur\u00e9e de lecture estim\u00e9e":"1 minute"},"schema":{"@context":"https:\/\/schema.org","@graph":[{"@type":"WebPage","@id":"https:\/\/mengaud.com\/fr\/alentours\/","url":"https:\/\/mengaud.com\/fr\/alentours\/","name":"Alentours et activit\u00e9s | G\u00eetes Languedoc-Roussillon | Domaine de Mengaud","isPartOf":{"@id":"https:\/\/mengaud.com\/fr\/#website"},"datePublished":"2024-03-14T19:22:35+00:00","dateModified":"2024-06-08T19:14:23+00:00","description":"Une balade nature, une d\u00e9gustation de vin, aquatiques, shopping... Inspirez-vous des alentours et activit\u00e9s pour votre s\u00e9jour au Languedoc.","breadcrumb":{"@id":"https:\/\/mengaud.com\/fr\/alentours\/#breadcrumb"},"inLanguage":"fr-FR","potentialAction":[{"@type":"ReadAction","target":["https:\/\/mengaud.com\/fr\/alentours\/"]}]},{"@type":"BreadcrumbList","@id":"https:\/\/mengaud.com\/fr\/alentours\/#breadcrumb","itemListElement":[{"@type":"ListItem","position":1,"name":"Home","item":"https:\/\/mengaud.com\/fr\/"},{"@type":"ListItem","position":2,"name":"Alentours et activit\u00e9s"}]},{"@type":"WebSite","@id":"https:\/\/mengaud.com\/fr\/#website","url":"https:\/\/mengaud.com\/fr\/","name":"Domaine de Mengaud","description":"Un s\u00e9jour inoubliable en Languedoc","potentialAction":[{"@type":"SearchAction","target":{"@type":"EntryPoint","urlTemplate":"https:\/\/mengaud.com\/fr\/?s={search_term_string}"},"query-input":{"@type":"PropertyValueSpecification","valueRequired":true,"valueName":"search_term_string"}}],"inLanguage":"fr-FR"}]}},"_links":{"self":[{"href":"https:\/\/mengaud.com\/fr\/wp-json\/wp\/v2\/pages\/22","targetHints":{"allow":["GET"]}}],"collection":[{"href":"https:\/\/mengaud.com\/fr\/wp-json\/wp\/v2\/pages"}],"about":[{"href":"https:\/\/mengaud.com\/fr\/wp-json\/wp\/v2\/types\/page"}],"author":[{"embeddable":true,"href":"https:\/\/mengaud.com\/fr\/wp-json\/wp\/v2\/users\/1"}],"replies":[{"embeddable":true,"href":"https:\/\/mengaud.com\/fr\/wp-json\/wp\/v2\/comments?post=22"}],"version-history":[{"count":13,"href":"https:\/\/mengaud.com\/fr\/wp-json\/wp\/v2\/pages\/22\/revisions"}],"predecessor-version":[{"id":714,"href":"https:\/\/mengaud.com\/fr\/wp-json\/wp\/v2\/pages\/22\/revisions\/714"}],"wp:attachment":[{"href":"https:\/\/mengaud.com\/fr\/wp-json\/wp\/v2\/media?parent=22"}],"curies":[{"name":"wp","href":"https:\/\/api.w.org\/{rel}","templated":true}]}}