{"id":30,"date":"2024-03-14T20:14:22","date_gmt":"2024-03-14T19:14:22","guid":{"rendered":"http:\/\/mengaud.com\/fr\/?page_id=30"},"modified":"2026-04-23T16:28:12","modified_gmt":"2026-04-23T15:28:12","slug":"reserver-2","status":"publish","type":"page","link":"https:\/\/mengaud.com\/fr\/reserver-2\/","title":{"rendered":"R\u00e9server votre s\u00e9jour"},"content":{"rendered":"<div id='sub_menu1'  class='av-submenu-container av-17v42-e52c1ee65f465ef9ad1cab0808123b01 header_color av-switch-768  avia-builder-el-0  el_before_av_section  avia-builder-el-first  container_wrap fullsize' style='z-index:301' ><div class='container av-menu-mobile-active av-submenu-pos-center'><a href=\"#\" class=\"mobile_menu_toggle\"><span class='avia-svg-icon avia-font-svg_entypo-fontello' data-av_svg_icon='list' data-av_iconset='svg_entypo-fontello'><svg version=\"1.1\" xmlns=\"http:\/\/www.w3.org\/2000\/svg\" width=\"22\" height=\"32\" viewBox=\"0 0 22 32\" preserveAspectRatio=\"xMidYMid meet\" aria-labelledby='av-svg-title-1' aria-describedby='av-svg-desc-1' role=\"graphics-symbol\" aria-hidden=\"true\">\n<title id='av-svg-title-1'>List<\/title>\n<desc id='av-svg-desc-1'>List<\/desc>\n<path d=\"M3.2 20.8q0.64 0 1.12 0.48t0.48 1.12-0.48 1.12-1.12 0.48h-1.6q-0.64 0-1.12-0.48t-0.48-1.12 0.448-1.12 1.152-0.48h1.6zM3.2 14.4q0.64 0 1.12 0.48t0.48 1.12-0.48 1.12-1.12 0.48h-1.6q-0.64 0-1.12-0.48t-0.48-1.12 0.448-1.12 1.152-0.48h1.6zM3.2 8q0.64 0 1.12 0.48t0.48 1.12-0.48 1.12-1.12 0.48h-1.6q-0.64 0-1.12-0.48t-0.48-1.12 0.448-1.12 1.152-0.48h1.6zM9.6 11.2q-0.64 0-1.12-0.48t-0.48-1.12 0.48-1.12 1.12-0.48h11.2q0.704 0 1.152 0.48t0.448 1.12-0.48 1.12-1.12 0.48h-11.2zM20.8 14.4q0.704 0 1.152 0.48t0.448 1.12-0.48 1.12-1.12 0.48h-11.2q-0.64 0-1.12-0.48t-0.48-1.12 0.48-1.12 1.12-0.48h11.2zM20.8 20.8q0.704 0 1.152 0.48t0.448 1.12-0.48 1.12-1.12 0.48h-11.2q-0.64 0-1.12-0.48t-0.48-1.12 0.48-1.12 1.12-0.48h11.2z\"><\/path>\n<\/svg><\/span><span class=\"av-current-placeholder\">Menu<\/span><\/a><ul id=\"menu-hoofdmenu\" class=\"av-subnav-menu\" role=\"menu\"><li role=\"menuitem\" id=\"menu-item-318\" class=\"menu-item menu-item-type-custom menu-item-object-custom menu-item-has-children menu-item-top-level menu-item-top-level-1\"><a href=\"#\" itemprop=\"url\" tabindex=\"0\"><span class=\"avia-bullet\"><\/span><span class=\"avia-menu-text\">A propos<\/span><span class=\"avia-menu-fx\"><span class=\"avia-arrow-wrap\"><span class=\"avia-arrow\"><\/span><\/span><\/span><\/a>\n\n\n<ul class=\"sub-menu\">\n\t<li role=\"menuitem\" id=\"menu-item-38\" class=\"menu-item menu-item-type-post_type menu-item-object-page\"><a href=\"https:\/\/mengaud.com\/fr\/le-domaine\/\" itemprop=\"url\" tabindex=\"0\"><span class=\"avia-bullet\"><\/span><span class=\"avia-menu-text\">Le domaine<\/span><\/a><\/li>\n\t<li role=\"menuitem\" id=\"menu-item-39\" class=\"menu-item menu-item-type-post_type menu-item-object-page\"><a href=\"https:\/\/mengaud.com\/fr\/realisation\/\" itemprop=\"url\" tabindex=\"0\"><span class=\"avia-bullet\"><\/span><span class=\"avia-menu-text\">La r\u00e9alisation<\/span><\/a><\/li>\n\t<li role=\"menuitem\" id=\"menu-item-44\" class=\"menu-item menu-item-type-post_type menu-item-object-page\"><a href=\"https:\/\/mengaud.com\/fr\/alentours\/\" itemprop=\"url\" tabindex=\"0\"><span class=\"avia-bullet\"><\/span><span class=\"avia-menu-text\">Alentours et activit\u00e9s<\/span><\/a><\/li>\n<\/ul>\n<\/li>\n<li role=\"menuitem\" id=\"menu-item-40\" class=\"menu-item menu-item-type-custom menu-item-object-custom menu-item-has-children menu-item-top-level menu-item-top-level-2\"><a href=\"#\" itemprop=\"url\" tabindex=\"0\"><span class=\"avia-bullet\"><\/span><span class=\"avia-menu-text\">G\u00eetes<\/span><span class=\"avia-menu-fx\"><span class=\"avia-arrow-wrap\"><span class=\"avia-arrow\"><\/span><\/span><\/span><\/a>\n\n\n<ul class=\"sub-menu\">\n\t<li role=\"menuitem\" id=\"menu-item-41\" class=\"menu-item menu-item-type-post_type menu-item-object-page\"><a href=\"https:\/\/mengaud.com\/fr\/gite-muscat\/\" itemprop=\"url\" tabindex=\"0\"><span class=\"avia-bullet\"><\/span><span class=\"avia-menu-text\">Le g\u00eete Muscat<\/span><\/a><\/li>\n\t<li role=\"menuitem\" id=\"menu-item-42\" class=\"menu-item menu-item-type-post_type menu-item-object-page\"><a href=\"https:\/\/mengaud.com\/fr\/gite-grenache\/\" itemprop=\"url\" tabindex=\"0\"><span class=\"avia-bullet\"><\/span><span class=\"avia-menu-text\">Le g\u00eete Grenache<\/span><\/a><\/li>\n<\/ul>\n<\/li>\n<li role=\"menuitem\" id=\"menu-item-46\" class=\"menu-item menu-item-type-post_type menu-item-object-page menu-item-top-level menu-item-top-level-3\"><a href=\"https:\/\/mengaud.com\/fr\/tarifs\/\" itemprop=\"url\" tabindex=\"0\"><span class=\"avia-bullet\"><\/span><span class=\"avia-menu-text\">Tarifs<\/span><span class=\"avia-menu-fx\"><span class=\"avia-arrow-wrap\"><span class=\"avia-arrow\"><\/span><\/span><\/span><\/a><\/li>\n<li role=\"menuitem\" id=\"menu-item-292\" class=\"menu-item menu-item-type-post_type menu-item-object-page menu-item-top-level menu-item-top-level-4\"><a href=\"https:\/\/mengaud.com\/fr\/comment-acceder\/\" itemprop=\"url\" tabindex=\"0\"><span class=\"avia-bullet\"><\/span><span class=\"avia-menu-text\">Comment acc\u00e9der<\/span><span class=\"avia-menu-fx\"><span class=\"avia-arrow-wrap\"><span class=\"avia-arrow\"><\/span><\/span><\/span><\/a><\/li>\n<li role=\"menuitem\" id=\"menu-item-638\" class=\"menu-item menu-item-type-post_type menu-item-object-page menu-item-top-level menu-item-top-level-5\"><a href=\"https:\/\/mengaud.com\/fr\/avis\/\" itemprop=\"url\" tabindex=\"0\"><span class=\"avia-bullet\"><\/span><span class=\"avia-menu-text\">Livre d\u2019or<\/span><span class=\"avia-menu-fx\"><span class=\"avia-arrow-wrap\"><span class=\"avia-arrow\"><\/span><\/span><\/span><\/a><\/li>\n<li role=\"menuitem\" id=\"menu-item-48\" class=\"menu-item menu-item-type-post_type menu-item-object-page menu-item-top-level menu-item-top-level-6\"><a href=\"https:\/\/mengaud.com\/fr\/reserver-2\/\" itemprop=\"url\" tabindex=\"0\"><span class=\"avia-bullet\"><\/span><span class=\"avia-menu-text\"><b>R\u00e9server votre s\u00e9jour<\/b><\/span><span class=\"avia-menu-fx\"><span class=\"avia-arrow-wrap\"><span class=\"avia-arrow\"><\/span><\/span><\/span><\/a><\/li>\n<li role=\"menuitem\" id=\"menu-item-49\" class=\"menu-item menu-item-type-post_type menu-item-object-page menu-item-top-level menu-item-top-level-7\"><a href=\"https:\/\/mengaud.com\/fr\/contact-2\/\" itemprop=\"url\" tabindex=\"0\"><span class=\"avia-bullet\"><\/span><span class=\"avia-menu-text\">Contact<\/span><span class=\"avia-menu-fx\"><span class=\"avia-arrow-wrap\"><span class=\"avia-arrow\"><\/span><\/span><\/span><\/a><\/li>\n<li role=\"menuitem\" id=\"menu-item-220\" class=\"menu-item menu-item-type-custom menu-item-object-custom menu-item-top-level menu-item-top-level-8\"><a href=\"http:\/\/www.mengaud.com\" itemprop=\"url\" tabindex=\"0\"><span class=\"avia-bullet\"><\/span><span class=\"avia-menu-text\">NL<\/span><span class=\"avia-menu-fx\"><span class=\"avia-arrow-wrap\"><span class=\"avia-arrow\"><\/span><\/span><\/span><\/a><\/li>\n<li role=\"menuitem\" id=\"menu-item-221\" class=\"menu-item menu-item-type-custom menu-item-object-custom menu-item-top-level menu-item-top-level-9\"><a href=\"http:\/\/www.mengaud.com\/en\" itemprop=\"url\" tabindex=\"0\"><span class=\"avia-bullet\"><\/span><span class=\"avia-menu-text\">EN<\/span><span class=\"avia-menu-fx\"><span class=\"avia-arrow-wrap\"><span class=\"avia-arrow\"><\/span><\/span><\/span><\/a><\/li>\n<li role=\"menuitem\" id=\"menu-item-222\" class=\"menu-item menu-item-type-custom menu-item-object-custom menu-item-home av-menu-button av-menu-button-bordered menu-item-top-level menu-item-top-level-10\"><a href=\"http:\/\/mengaud.com\/fr\" itemprop=\"url\" tabindex=\"0\"><span class=\"avia-bullet\"><\/span><span class=\"avia-menu-text\">FR<\/span><span class=\"avia-menu-fx\"><span class=\"avia-arrow-wrap\"><span class=\"avia-arrow\"><\/span><\/span><\/span><\/a><\/li>\n<\/ul><\/div><\/div>\n<div id='mijnsectie'  class='avia-section av-a9n76-f31345f2533595acc5da6761369f64a9 main_color avia-section-small avia-no-border-styling  avia-builder-el-1  el_after_av_submenu  el_before_av_textblock  avia-bg-style-scroll container_wrap fullsize'  ><div class='container av-section-cont-open' ><div class='template-page content  av-content-full alpha units'><div class='post-entry post-entry-type-page post-entry-30'><div class='entry-content-wrapper clearfix'>\n\n<style type=\"text\/css\" data-created_by=\"avia_inline_auto\" id=\"style-css-av-9yiyu-fe2cb3c6b35b6f88fa30b820120095d3\">\n.avia-image-container.av-9yiyu-fe2cb3c6b35b6f88fa30b820120095d3 img.avia_image{\nbox-shadow:none;\n}\n.avia-image-container.av-9yiyu-fe2cb3c6b35b6f88fa30b820120095d3 .av-image-caption-overlay-center{\ncolor:#ffffff;\n}\n<\/style>\n<div  class='avia-image-container av-9yiyu-fe2cb3c6b35b6f88fa30b820120095d3 av-styling-no-styling av-img-linked avia-align-center  avia-builder-el-2  avia-builder-el-no-sibling '   itemprop=\"image\" itemscope=\"itemscope\" itemtype=\"https:\/\/schema.org\/ImageObject\" ><div class=\"avia-image-container-inner\"><div class=\"avia-image-overlay-wrap\"><a href=\"https:\/\/mengaud.com\/fr\/\" class='avia_image '  aria-label='logo'><img decoding=\"async\" fetchpriority=\"high\" class='wp-image-206 avia-img-lazy-loading-not-206 avia_image ' src=\"https:\/\/mengaud.com\/fr\/wp-content\/uploads\/2015\/10\/logo.png\" alt='' title='logo'  height=\"233\" width=\"994\"  itemprop=\"thumbnailUrl\" srcset=\"https:\/\/mengaud.com\/fr\/wp-content\/uploads\/2015\/10\/logo.png 994w, https:\/\/mengaud.com\/fr\/wp-content\/uploads\/2015\/10\/logo-300x70.png 300w, https:\/\/mengaud.com\/fr\/wp-content\/uploads\/2015\/10\/logo-705x165.png 705w, https:\/\/mengaud.com\/fr\/wp-content\/uploads\/2015\/10\/logo-450x105.png 450w\" sizes=\"(max-width: 994px) 100vw, 994px\" \/><\/a><\/div><\/div><\/div>\n<\/div><\/div><\/div><!-- close content main div --><\/div><\/div><div id='after_section_1'  class='main_color av_default_container_wrap container_wrap fullsize'  ><div class='container av-section-cont-open' ><div class='template-page content  av-content-full alpha units'><div class='post-entry post-entry-type-page post-entry-30'><div class='entry-content-wrapper clearfix'>\n<section  class='av_textblock_section av-99qwy-be91ace6416058b0deb0bd64e5633b93 '   itemscope=\"itemscope\" itemtype=\"https:\/\/schema.org\/CreativeWork\" ><div class='avia_textblock'  itemprop=\"text\" ><h1>R\u00e9server votre s\u00e9jour<\/h1>\n<\/div><\/section>\n<div  class='avia-button-wrap av-lx6jmi2k-240a70eca2010374f3e3e91914cd3a5e-wrap avia-button-center  avia-builder-el-4  el_after_av_textblock  el_before_av_textblock '><a href='https:\/\/mengaud.com\/fr\/tarifs\/'  class='avia-button av-lx6jmi2k-240a70eca2010374f3e3e91914cd3a5e av-link-btn avia-icon_select-yes-left-icon avia-size-x-large avia-position-center avia-color-theme-color'   aria-label=\" Tarifs\"><span class='avia_button_icon avia_button_icon_left avia-iconfont avia-font-entypo-fontello' data-av_icon='\ue81e' data-av_iconfont='entypo-fontello' ><\/span><span class='avia_iconbox_title' > Tarifs<\/span><\/a><\/div>\n<section  class='av_textblock_section av-mobmyjkc-f0db6a5706cb8e8f4d57881b108c42f3 '   itemscope=\"itemscope\" itemtype=\"https:\/\/schema.org\/CreativeWork\" ><div class='avia_textblock'  itemprop=\"text\" ><p>Pour toute information sur les <strong>disponibilit\u00e9s<\/strong> ou <strong>pour r\u00e9server<\/strong>, contactez-nous par e-mail \u00e0 <strong><a class=\"decorated-link cursor-pointer\" rel=\"noopener\" data-start=\"435\" data-end=\"457\">ilseschmidt@outlook.be<\/a><\/strong> ou par t\u00e9l\u00e9phone au <strong>+32 495 99 15 15<\/strong>.<\/p>\n<\/div><\/section>\n","protected":false},"excerpt":{"rendered":"","protected":false},"author":1,"featured_media":365,"parent":0,"menu_order":0,"comment_status":"closed","ping_status":"closed","template":"","meta":{"footnotes":""},"class_list":["post-30","page","type-page","status-publish","has-post-thumbnail","hentry"],"yoast_head":"<!-- This site is optimized with the Yoast SEO plugin v27.5 - https:\/\/yoast.com\/product\/yoast-seo-wordpress\/ -->\n<title>R\u00e9server | G\u00eetes Languedoc-Roussillon | Domaine de Mengaud<\/title>\n<meta name=\"description\" content=\"D\u00e9couvrez le Languedoc dans un cadre serein, authentique, architectural et luxueux. R\u00e9servez ici nos g\u00eetes pour votre \u00e9t\u00e9 inoubliable.\" \/>\n<meta name=\"robots\" content=\"index, follow, max-snippet:-1, max-image-preview:large, max-video-preview:-1\" \/>\n<link rel=\"canonical\" href=\"https:\/\/mengaud.com\/fr\/reserver-2\/\" \/>\n<meta property=\"og:locale\" content=\"fr_FR\" \/>\n<meta property=\"og:type\" content=\"article\" \/>\n<meta property=\"og:title\" content=\"R\u00e9server | G\u00eetes Languedoc-Roussillon | Domaine de Mengaud\" \/>\n<meta property=\"og:description\" content=\"D\u00e9couvrez le Languedoc dans un cadre serein, authentique, architectural et luxueux. R\u00e9servez ici nos g\u00eetes pour votre \u00e9t\u00e9 inoubliable.\" \/>\n<meta property=\"og:url\" content=\"https:\/\/mengaud.com\/fr\/reserver-2\/\" \/>\n<meta property=\"og:site_name\" content=\"Domaine de Mengaud\" \/>\n<meta property=\"article:modified_time\" content=\"2026-04-23T15:28:12+00:00\" \/>\n<meta property=\"og:image\" content=\"https:\/\/mengaud.com\/fr\/wp-content\/uploads\/2022\/07\/Over-het-domein-12-IMG_4849-Edit.jpg\" \/>\n\t<meta property=\"og:image:width\" content=\"2016\" \/>\n\t<meta property=\"og:image:height\" content=\"1512\" \/>\n\t<meta property=\"og:image:type\" content=\"image\/jpeg\" \/>\n<meta name=\"twitter:card\" content=\"summary_large_image\" \/>\n<meta name=\"twitter:label1\" content=\"Dur\u00e9e de lecture estim\u00e9e\" \/>\n\t<meta name=\"twitter:data1\" content=\"1 minute\" \/>\n<script type=\"application\/ld+json\" class=\"yoast-schema-graph\">{\"@context\":\"https:\\\/\\\/schema.org\",\"@graph\":[{\"@type\":\"WebPage\",\"@id\":\"https:\\\/\\\/mengaud.com\\\/fr\\\/reserver-2\\\/\",\"url\":\"https:\\\/\\\/mengaud.com\\\/fr\\\/reserver-2\\\/\",\"name\":\"R\u00e9server | G\u00eetes Languedoc-Roussillon | Domaine de Mengaud\",\"isPartOf\":{\"@id\":\"https:\\\/\\\/mengaud.com\\\/fr\\\/#website\"},\"primaryImageOfPage\":{\"@id\":\"https:\\\/\\\/mengaud.com\\\/fr\\\/reserver-2\\\/#primaryimage\"},\"image\":{\"@id\":\"https:\\\/\\\/mengaud.com\\\/fr\\\/reserver-2\\\/#primaryimage\"},\"thumbnailUrl\":\"https:\\\/\\\/mengaud.com\\\/fr\\\/wp-content\\\/uploads\\\/2022\\\/07\\\/Over-het-domein-12-IMG_4849-Edit.jpg\",\"datePublished\":\"2024-03-14T19:14:22+00:00\",\"dateModified\":\"2026-04-23T15:28:12+00:00\",\"description\":\"D\u00e9couvrez le Languedoc dans un cadre serein, authentique, architectural et luxueux. R\u00e9servez ici nos g\u00eetes pour votre \u00e9t\u00e9 inoubliable.\",\"breadcrumb\":{\"@id\":\"https:\\\/\\\/mengaud.com\\\/fr\\\/reserver-2\\\/#breadcrumb\"},\"inLanguage\":\"fr-FR\",\"potentialAction\":[{\"@type\":\"ReadAction\",\"target\":[\"https:\\\/\\\/mengaud.com\\\/fr\\\/reserver-2\\\/\"]}]},{\"@type\":\"ImageObject\",\"inLanguage\":\"fr-FR\",\"@id\":\"https:\\\/\\\/mengaud.com\\\/fr\\\/reserver-2\\\/#primaryimage\",\"url\":\"https:\\\/\\\/mengaud.com\\\/fr\\\/wp-content\\\/uploads\\\/2022\\\/07\\\/Over-het-domein-12-IMG_4849-Edit.jpg\",\"contentUrl\":\"https:\\\/\\\/mengaud.com\\\/fr\\\/wp-content\\\/uploads\\\/2022\\\/07\\\/Over-het-domein-12-IMG_4849-Edit.jpg\",\"width\":2016,\"height\":1512},{\"@type\":\"BreadcrumbList\",\"@id\":\"https:\\\/\\\/mengaud.com\\\/fr\\\/reserver-2\\\/#breadcrumb\",\"itemListElement\":[{\"@type\":\"ListItem\",\"position\":1,\"name\":\"Home\",\"item\":\"https:\\\/\\\/mengaud.com\\\/fr\\\/\"},{\"@type\":\"ListItem\",\"position\":2,\"name\":\"R\u00e9server votre s\u00e9jour\"}]},{\"@type\":\"WebSite\",\"@id\":\"https:\\\/\\\/mengaud.com\\\/fr\\\/#website\",\"url\":\"https:\\\/\\\/mengaud.com\\\/fr\\\/\",\"name\":\"Domaine de Mengaud\",\"description\":\"Un s\u00e9jour inoubliable en Languedoc\",\"potentialAction\":[{\"@type\":\"SearchAction\",\"target\":{\"@type\":\"EntryPoint\",\"urlTemplate\":\"https:\\\/\\\/mengaud.com\\\/fr\\\/?s={search_term_string}\"},\"query-input\":{\"@type\":\"PropertyValueSpecification\",\"valueRequired\":true,\"valueName\":\"search_term_string\"}}],\"inLanguage\":\"fr-FR\"}]}<\/script>\n<!-- \/ Yoast SEO plugin. -->","yoast_head_json":{"title":"R\u00e9server | G\u00eetes Languedoc-Roussillon | Domaine de Mengaud","description":"D\u00e9couvrez le Languedoc dans un cadre serein, authentique, architectural et luxueux. R\u00e9servez ici nos g\u00eetes pour votre \u00e9t\u00e9 inoubliable.","robots":{"index":"index","follow":"follow","max-snippet":"max-snippet:-1","max-image-preview":"max-image-preview:large","max-video-preview":"max-video-preview:-1"},"canonical":"https:\/\/mengaud.com\/fr\/reserver-2\/","og_locale":"fr_FR","og_type":"article","og_title":"R\u00e9server | G\u00eetes Languedoc-Roussillon | Domaine de Mengaud","og_description":"D\u00e9couvrez le Languedoc dans un cadre serein, authentique, architectural et luxueux. R\u00e9servez ici nos g\u00eetes pour votre \u00e9t\u00e9 inoubliable.","og_url":"https:\/\/mengaud.com\/fr\/reserver-2\/","og_site_name":"Domaine de Mengaud","article_modified_time":"2026-04-23T15:28:12+00:00","og_image":[{"width":2016,"height":1512,"url":"https:\/\/mengaud.com\/fr\/wp-content\/uploads\/2022\/07\/Over-het-domein-12-IMG_4849-Edit.jpg","type":"image\/jpeg"}],"twitter_card":"summary_large_image","twitter_misc":{"Dur\u00e9e de lecture estim\u00e9e":"1 minute"},"schema":{"@context":"https:\/\/schema.org","@graph":[{"@type":"WebPage","@id":"https:\/\/mengaud.com\/fr\/reserver-2\/","url":"https:\/\/mengaud.com\/fr\/reserver-2\/","name":"R\u00e9server | G\u00eetes Languedoc-Roussillon | Domaine de Mengaud","isPartOf":{"@id":"https:\/\/mengaud.com\/fr\/#website"},"primaryImageOfPage":{"@id":"https:\/\/mengaud.com\/fr\/reserver-2\/#primaryimage"},"image":{"@id":"https:\/\/mengaud.com\/fr\/reserver-2\/#primaryimage"},"thumbnailUrl":"https:\/\/mengaud.com\/fr\/wp-content\/uploads\/2022\/07\/Over-het-domein-12-IMG_4849-Edit.jpg","datePublished":"2024-03-14T19:14:22+00:00","dateModified":"2026-04-23T15:28:12+00:00","description":"D\u00e9couvrez le Languedoc dans un cadre serein, authentique, architectural et luxueux. R\u00e9servez ici nos g\u00eetes pour votre \u00e9t\u00e9 inoubliable.","breadcrumb":{"@id":"https:\/\/mengaud.com\/fr\/reserver-2\/#breadcrumb"},"inLanguage":"fr-FR","potentialAction":[{"@type":"ReadAction","target":["https:\/\/mengaud.com\/fr\/reserver-2\/"]}]},{"@type":"ImageObject","inLanguage":"fr-FR","@id":"https:\/\/mengaud.com\/fr\/reserver-2\/#primaryimage","url":"https:\/\/mengaud.com\/fr\/wp-content\/uploads\/2022\/07\/Over-het-domein-12-IMG_4849-Edit.jpg","contentUrl":"https:\/\/mengaud.com\/fr\/wp-content\/uploads\/2022\/07\/Over-het-domein-12-IMG_4849-Edit.jpg","width":2016,"height":1512},{"@type":"BreadcrumbList","@id":"https:\/\/mengaud.com\/fr\/reserver-2\/#breadcrumb","itemListElement":[{"@type":"ListItem","position":1,"name":"Home","item":"https:\/\/mengaud.com\/fr\/"},{"@type":"ListItem","position":2,"name":"R\u00e9server votre s\u00e9jour"}]},{"@type":"WebSite","@id":"https:\/\/mengaud.com\/fr\/#website","url":"https:\/\/mengaud.com\/fr\/","name":"Domaine de Mengaud","description":"Un s\u00e9jour inoubliable en Languedoc","potentialAction":[{"@type":"SearchAction","target":{"@type":"EntryPoint","urlTemplate":"https:\/\/mengaud.com\/fr\/?s={search_term_string}"},"query-input":{"@type":"PropertyValueSpecification","valueRequired":true,"valueName":"search_term_string"}}],"inLanguage":"fr-FR"}]}},"_links":{"self":[{"href":"https:\/\/mengaud.com\/fr\/wp-json\/wp\/v2\/pages\/30","targetHints":{"allow":["GET"]}}],"collection":[{"href":"https:\/\/mengaud.com\/fr\/wp-json\/wp\/v2\/pages"}],"about":[{"href":"https:\/\/mengaud.com\/fr\/wp-json\/wp\/v2\/types\/page"}],"author":[{"embeddable":true,"href":"https:\/\/mengaud.com\/fr\/wp-json\/wp\/v2\/users\/1"}],"replies":[{"embeddable":true,"href":"https:\/\/mengaud.com\/fr\/wp-json\/wp\/v2\/comments?post=30"}],"version-history":[{"count":35,"href":"https:\/\/mengaud.com\/fr\/wp-json\/wp\/v2\/pages\/30\/revisions"}],"predecessor-version":[{"id":768,"href":"https:\/\/mengaud.com\/fr\/wp-json\/wp\/v2\/pages\/30\/revisions\/768"}],"wp:featuredmedia":[{"embeddable":true,"href":"https:\/\/mengaud.com\/fr\/wp-json\/wp\/v2\/media\/365"}],"wp:attachment":[{"href":"https:\/\/mengaud.com\/fr\/wp-json\/wp\/v2\/media?parent=30"}],"curies":[{"name":"wp","href":"https:\/\/api.w.org\/{rel}","templated":true}]}}